{"id":288,"date":"2016-05-27T21:48:05","date_gmt":"2016-05-27T21:48:05","guid":{"rendered":"http:\/\/www.riadmeziana.com\/es\/?page_id=288"},"modified":"2016-05-29T12:45:39","modified_gmt":"2016-05-29T12:45:39","slug":"contacto","status":"publish","type":"page","link":"https:\/\/www.riadmeziana.com\/es\/contacto\/","title":{"rendered":"Contacto"},"content":{"rendered":"<p>[vc_row full_width=&#8221;stretch_row&#8221; parallax=&#8221;content-moving&#8221; parallax_image=&#8221;129&#8243; enable_overlay=&#8221;true&#8221; bg_overlay=&#8221;rgba(0,0,0,0.12)&#8221;][vc_column]<div class=\"awe-special-heading text-center\" style=\"color:#ffffff;\"><h1>CONT\u00c1CTENOS<\/h1><div class=\"awe-subheading below\" style=\"font-size:18px\"><p>No dude en ponerse en contacto con nosotros<\/p><\/div><\/div>[\/vc_column][\/vc_row][vc_row][vc_column width=&#8221;1\/2&#8243;][vc_column_text size=&#8221;0&#8243;]<\/p>\n<h2>CONTACTO<\/h2>\n<p>Gracias por su inter\u00e9s en el Riad Dar Meziana usted.<\/p>\n<p><span class=\"stdtext\">Deseamos ofrecerle asistencia y informaci\u00f3n con el fin de hacer que su experiencia con nosotros sea positiva. Para hacer <strong>una reserva en l\u00ednea<\/strong>\u00a0<a title=\"click here\" href=\"http:\/\/www.riadmeziana.com\/es\/disponibilidad\/\">clic aqu\u00ed<\/a>, o ponerse en contacto con un agente de reservas las 24 horas del d\u00eda al:<\/span>[\/vc_column_text][vc_raw_html]JTNDZGl2JTIwY2xhc3MlM0QlMjJjb250YWN0JTIyJTNFJTBBJTA5JTNDdWwlMjBjbGFzcyUzRCUyMnRleHQlMjIlM0UlMEElMDklMjAlMjAlMjAlMjAlM0NsaSUzRSUzQ2klMjBjbGFzcyUzRCUyMmljb24lMjBoaWxsdGVyLWljb24tbG9jYXRpb24lMjIlM0UlM0MlMkZpJTNFJTIwRGFyJTIwTWV6aWFuYSUyMEhvdGVsJTJDJTIwQ2FtaW5vJTIwWmFnZG91ZCUyMG4lQzIlQkE3JTIwLSUyMEJhYiUyMFNvdWslMkMlMjBYYXVlbiUyMC0lMjBNYXJydWVjb3MlM0MlMkZsaSUzRSUwQSUwOSUyMCUyMCUyMCUyMCUzQ2xpJTNFJTNDaSUyMGNsYXNzJTNEJTIyaWNvbiUyMGhpbGx0ZXItaWNvbi1waG9uZSUyMiUzRSUzQyUyRmklM0UlMjAlMkIyMTIlMjA1MzklMjA5ODclMjA4MDYlM0MlMkZsaSUzRSUwQSUwOSUyMCUyMCUyMCUyMCUzQ2xpJTNFJTNDaSUyMGNsYXNzJTNEJTIyaWNvbiUyMGZhJTIwZmEtZW52ZWxvcGUtbyUyMiUzRSUzQyUyRmklM0VyZXNlcnZlcyU0MHJpYWRtZXppYW5hLmNvbSUzQyUyRmxpJTNFJTBBJTA5JTNDJTJGdWwlM0UlMEElM0MlMkZkaXYlM0U=[\/vc_raw_html][\/vc_column][vc_column width=&#8221;1\/2&#8243;]\n<div class=\"wpcf7 no-js\" id=\"wpcf7-f389-o1\" lang=\"en-US\" dir=\"ltr\" data-wpcf7-id=\"389\">\n<div class=\"screen-reader-response\"><p role=\"status\" aria-live=\"polite\" aria-atomic=\"true\"><\/p> <ul><\/ul><\/div>\n<form action=\"\/es\/wp-json\/wp\/v2\/pages\/288#wpcf7-f389-o1\" method=\"post\" class=\"wpcf7-form init\" aria-label=\"Contact form\" novalidate=\"novalidate\" data-status=\"init\">\n<fieldset class=\"hidden-fields-container\"><input type=\"hidden\" name=\"_wpcf7\" value=\"389\" \/><input type=\"hidden\" name=\"_wpcf7_version\" value=\"6.1.5\" \/><input type=\"hidden\" name=\"_wpcf7_locale\" value=\"en_US\" \/><input type=\"hidden\" name=\"_wpcf7_unit_tag\" value=\"wpcf7-f389-o1\" \/><input type=\"hidden\" name=\"_wpcf7_container_post\" value=\"0\" \/><input type=\"hidden\" name=\"_wpcf7_posted_data_hash\" value=\"\" \/>\n<\/fieldset>\n<p>Tu nombre (requerido)\n<\/p>\n<p><span class=\"wpcf7-form-control-wrap\" data-name=\"your-name\"><input size=\"40\" maxlength=\"400\" class=\"wpcf7-form-control wpcf7-text wpcf7-validates-as-required\" aria-required=\"true\" aria-invalid=\"false\" value=\"\" type=\"text\" name=\"your-name\" \/><\/span>\n<\/p>\n<p>Tu Email (requerido)\n<\/p>\n<p><span class=\"wpcf7-form-control-wrap\" data-name=\"your-email\"><input size=\"40\" maxlength=\"400\" class=\"wpcf7-form-control wpcf7-email wpcf7-validates-as-required wpcf7-text wpcf7-validates-as-email\" aria-required=\"true\" aria-invalid=\"false\" value=\"\" type=\"email\" name=\"your-email\" \/><\/span>\n<\/p>\n<p>Tema\n<\/p>\n<p><span class=\"wpcf7-form-control-wrap\" data-name=\"your-subject\"><input size=\"40\" maxlength=\"400\" class=\"wpcf7-form-control wpcf7-text\" aria-invalid=\"false\" value=\"\" type=\"text\" name=\"your-subject\" \/><\/span>\n<\/p>\n<p>Tu mensaje\n<\/p>\n<p><span class=\"wpcf7-form-control-wrap\" data-name=\"your-message\"><textarea cols=\"40\" rows=\"10\" maxlength=\"2000\" class=\"wpcf7-form-control wpcf7-textarea\" aria-invalid=\"false\" name=\"your-message\"><\/textarea><\/span>\n<\/p>\n<p><input class=\"wpcf7-form-control wpcf7-submit has-spinner\" type=\"submit\" value=\"Enviar\" \/>\n<\/p><p style=\"display: none !important;\" class=\"akismet-fields-container\" data-prefix=\"_wpcf7_ak_\"><label>&#916;<textarea name=\"_wpcf7_ak_hp_textarea\" cols=\"45\" rows=\"8\" maxlength=\"100\"><\/textarea><\/label><input type=\"hidden\" id=\"ak_js_1\" name=\"_wpcf7_ak_js\" value=\"180\"\/><script type=\"text\/javascript\">\n\/* <![CDATA[ *\/\ndocument.getElementById( \"ak_js_1\" ).setAttribute( \"value\", ( new Date() ).getTime() );\n\/* ]]> *\/\n<\/script>\n<\/p><div class=\"wpcf7-response-output\" aria-hidden=\"true\"><\/div>\n<\/form>\n<\/div>\n[\/vc_column][\/vc_row][vc_row full_width=&#8221;stretch_row_content_no_spaces&#8221;][vc_column][vc_raw_html]JTNDaWZyYW1lJTIwc3JjJTNEJTIyaHR0cHMlM0ElMkYlMkZ3d3cuZ29vZ2xlLmNvbSUyRm1hcHMlMkZlbWJlZCUzRnBiJTNEJTIxMW0xOCUyMTFtMTIlMjExbTMlMjExZDMyNjEuNDQ5MDAzNzg1OTglMjEyZC01LjI2NjEwNDY4NTIxNTM3MyUyMTNkMzUuMTcwMzU5OTgwMzE2NSUyMTJtMyUyMTFmMCUyMTJmMCUyMTNmMCUyMTNtMiUyMTFpMTAyNCUyMTJpNzY4JTIxNGYxMy4xJTIxM20zJTIxMW0yJTIxMXMweGQwYjI2NjEzYTEyYTJlOSUyNTNBMHg5ZTliNWE0ZDhkNjczZWRlJTIxMnNEYXIlMkJNZXppYW5hJTJCSG90ZWwlMjE1ZTAlMjEzbTIlMjExc2ZyJTIxMnMlMjE0djE0NjA1ODU0MTA5OTAlMjIlMjB3aWR0aCUzRCUyMjYwMCUyMiUyMGhlaWdodCUzRCUyMjE4MCUyMiUyMGZyYW1lYm9yZGVyJTNEJTIyMCUyMiUyMHN0eWxlJTNEJTIyYm9yZGVyJTNBMCUyMiUyMGFsbG93ZnVsbHNjcmVlbiUzRSUzQyUyRmlmcmFtZSUzRQ==[\/vc_raw_html][\/vc_column][\/vc_row]<\/p>\n","protected":false},"excerpt":{"rendered":"<p>[vc_row full_width=&#8221;stretch_row&#8221; parallax=&#8221;content-moving&#8221; parallax_image=&#8221;129&#8243; enable_overlay=&#8221;true&#8221; bg_overlay=&#8221;rgba(0,0,0,0.12)&#8221;][vc_column][\/vc_column][\/vc_row][vc_row][vc_column width=&#8221;1\/2&#8243;][vc_column_text size=&#8221;0&#8243;] CONTACTO Gracias por su inter\u00e9s en el Riad Dar Meziana usted. Deseamos ofrecerle asistencia y informaci\u00f3n con el fin de hacer que su experiencia con nosotros sea positiva. Para hacer una reserva en l\u00ednea\u00a0clic aqu\u00ed, o ponerse en contacto con un agente de reservas las 24 horas &hellip;<\/p>\n","protected":false},"author":1,"featured_media":0,"parent":0,"menu_order":0,"comment_status":"closed","ping_status":"closed","template":"","meta":{"footnotes":""},"class_list":["post-288","page","type-page","status-publish","hentry"],"_links":{"self":[{"href":"https:\/\/www.riadmeziana.com\/es\/wp-json\/wp\/v2\/pages\/288","targetHints":{"allow":["GET"]}}],"collection":[{"href":"https:\/\/www.riadmeziana.com\/es\/wp-json\/wp\/v2\/pages"}],"about":[{"href":"https:\/\/www.riadmeziana.com\/es\/wp-json\/wp\/v2\/types\/page"}],"author":[{"embeddable":true,"href":"https:\/\/www.riadmeziana.com\/es\/wp-json\/wp\/v2\/users\/1"}],"replies":[{"embeddable":true,"href":"https:\/\/www.riadmeziana.com\/es\/wp-json\/wp\/v2\/comments?post=288"}],"version-history":[{"count":5,"href":"https:\/\/www.riadmeziana.com\/es\/wp-json\/wp\/v2\/pages\/288\/revisions"}],"predecessor-version":[{"id":392,"href":"https:\/\/www.riadmeziana.com\/es\/wp-json\/wp\/v2\/pages\/288\/revisions\/392"}],"wp:attachment":[{"href":"https:\/\/www.riadmeziana.com\/es\/wp-json\/wp\/v2\/media?parent=288"}],"curies":[{"name":"wp","href":"https:\/\/api.w.org\/{rel}","templated":true}]}}