{"id":286,"date":"2016-05-27T21:46:12","date_gmt":"2016-05-27T21:46:12","guid":{"rendered":"http:\/\/www.riadmeziana.com\/fr\/?page_id=286"},"modified":"2016-05-29T12:44:38","modified_gmt":"2016-05-29T12:44:38","slug":"contact","status":"publish","type":"page","link":"https:\/\/www.riadmeziana.com\/fr\/contact\/","title":{"rendered":"Contact"},"content":{"rendered":"<p>[vc_row full_width=&#8221;stretch_row&#8221; parallax=&#8221;content-moving&#8221; parallax_image=&#8221;129&#8243; enable_overlay=&#8221;true&#8221; bg_overlay=&#8221;rgba(0,0,0,0.12)&#8221;][vc_column]<div class=\"awe-special-heading text-center\" style=\"color:#ffffff;\"><h1>CONTACTEZ NOUS<\/h1><div class=\"awe-subheading below\" style=\"font-size:18px\"><p>N&#039;h\u00e9sitez pas \u00e0 nous contacter<\/p><\/div><\/div>[\/vc_column][\/vc_row][vc_row][vc_column width=&#8221;1\/2&#8243;][vc_column_text size=&#8221;0&#8243;]<\/p>\n<h2>CONTACT<\/h2>\n<p><span class=\"stdtext\">Nous vous remercions de votre int\u00e9r\u00eat pour <strong>Riad Dar Meziana.<\/strong><\/span><\/p>\n<p><span class=\"stdtext\">Nous tenons \u00e0 vous offrir une assistance et d&#8217;information afin de rendre votre exp\u00e9rience avec nous un positif. Pour effectuer\u00a0une\u00a0<strong>reservation online<\/strong>\u00a0<a title=\"click here\" href=\"http:\/\/www.riadmeziana.com\/fr\/disponibilite\/\">cliquer ici<\/a>, ou nous communiquer avec un agent de r\u00e9servation 24 heures par jour \u00e0 :<\/span>[\/vc_column_text][vc_raw_html]JTNDZGl2JTIwY2xhc3MlM0QlMjJjb250YWN0JTIyJTNFJTBBJTA5JTNDdWwlMjBjbGFzcyUzRCUyMnRleHQlMjIlM0UlMEElMDklMjAlMjAlMjAlMjAlM0NsaSUzRSUzQ2klMjBjbGFzcyUzRCUyMmljb24lMjBoaWxsdGVyLWljb24tbG9jYXRpb24lMjIlM0UlM0MlMkZpJTNFJTIwRGFyJTIwTWV6aWFuYSUyMEglQzMlQjR0ZWwlMkMlMjBSdWUlMjBaYWdkb3VkJTIwbiVDMiVCQTclMjAtJTIwQmFiJTIwU291ayUyQyUyMENoZWZjaGFvdWVuJTIwLSUyME1hcm9jJTNDJTJGbGklM0UlMEElMDklMjAlMjAlMjAlMjAlM0NsaSUzRSUzQ2klMjBjbGFzcyUzRCUyMmljb24lMjBoaWxsdGVyLWljb24tcGhvbmUlMjIlM0UlM0MlMkZpJTNFJTIwJTJCMjEyJTIwNTM5JTIwOTg3JTIwODA2JTNDJTJGbGklM0UlMEElMDklMjAlMjAlMjAlMjAlM0NsaSUzRSUzQ2klMjBjbGFzcyUzRCUyMmljb24lMjBmYSUyMGZhLWVudmVsb3BlLW8lMjIlM0UlM0MlMkZpJTNFcmVzZXJ2ZXMlNDByaWFkbWV6aWFuYS5jb20lM0MlMkZsaSUzRSUwQSUwOSUzQyUyRnVsJTNFJTBBJTNDJTJGZGl2JTNF[\/vc_raw_html][\/vc_column][vc_column width=&#8221;1\/2&#8243;]\n<div class=\"wpcf7 no-js\" id=\"wpcf7-f388-o1\" lang=\"en-US\" dir=\"ltr\" data-wpcf7-id=\"388\">\n<div class=\"screen-reader-response\"><p role=\"status\" aria-live=\"polite\" aria-atomic=\"true\"><\/p> <ul><\/ul><\/div>\n<form action=\"\/fr\/wp-json\/wp\/v2\/pages\/286#wpcf7-f388-o1\" method=\"post\" class=\"wpcf7-form init\" aria-label=\"Contact form\" novalidate=\"novalidate\" data-status=\"init\">\n<fieldset class=\"hidden-fields-container\"><input type=\"hidden\" name=\"_wpcf7\" value=\"388\" \/><input type=\"hidden\" name=\"_wpcf7_version\" value=\"6.1.5\" \/><input type=\"hidden\" name=\"_wpcf7_locale\" value=\"en_US\" \/><input type=\"hidden\" name=\"_wpcf7_unit_tag\" value=\"wpcf7-f388-o1\" \/><input type=\"hidden\" name=\"_wpcf7_container_post\" value=\"0\" \/><input type=\"hidden\" name=\"_wpcf7_posted_data_hash\" value=\"\" \/>\n<\/fieldset>\n<p>Votre Nom (obligatoire)\n<\/p>\n<p><span class=\"wpcf7-form-control-wrap\" data-name=\"your-name\"><input size=\"40\" maxlength=\"400\" class=\"wpcf7-form-control wpcf7-text wpcf7-validates-as-required\" aria-required=\"true\" aria-invalid=\"false\" value=\"\" type=\"text\" name=\"your-name\" \/><\/span>\n<\/p>\n<p>Votre Email (obligatoire)\n<\/p>\n<p><span class=\"wpcf7-form-control-wrap\" data-name=\"your-email\"><input size=\"40\" maxlength=\"400\" class=\"wpcf7-form-control wpcf7-email wpcf7-validates-as-required wpcf7-text wpcf7-validates-as-email\" aria-required=\"true\" aria-invalid=\"false\" value=\"\" type=\"email\" name=\"your-email\" \/><\/span>\n<\/p>\n<p>Sujet\n<\/p>\n<p><span class=\"wpcf7-form-control-wrap\" data-name=\"your-subject\"><input size=\"40\" maxlength=\"400\" class=\"wpcf7-form-control wpcf7-text\" aria-invalid=\"false\" value=\"\" type=\"text\" name=\"your-subject\" \/><\/span>\n<\/p>\n<p>Votre message\n<\/p>\n<p><span class=\"wpcf7-form-control-wrap\" data-name=\"your-message\"><textarea cols=\"40\" rows=\"10\" maxlength=\"2000\" class=\"wpcf7-form-control wpcf7-textarea\" aria-invalid=\"false\" name=\"your-message\"><\/textarea><\/span>\n<\/p>\n<p><input class=\"wpcf7-form-control wpcf7-submit has-spinner\" type=\"submit\" value=\"Envoyer\" \/>\n<\/p><p style=\"display: none !important;\" class=\"akismet-fields-container\" data-prefix=\"_wpcf7_ak_\"><label>&#916;<textarea name=\"_wpcf7_ak_hp_textarea\" cols=\"45\" rows=\"8\" maxlength=\"100\"><\/textarea><\/label><input type=\"hidden\" id=\"ak_js_1\" name=\"_wpcf7_ak_js\" value=\"231\"\/><script type=\"text\/javascript\">\n\/* <![CDATA[ *\/\ndocument.getElementById( \"ak_js_1\" ).setAttribute( \"value\", ( new Date() ).getTime() );\n\/* ]]> *\/\n<\/script>\n<\/p><div class=\"wpcf7-response-output\" aria-hidden=\"true\"><\/div>\n<\/form>\n<\/div>\n[\/vc_column][\/vc_row][vc_row full_width=&#8221;stretch_row_content_no_spaces&#8221;][vc_column][vc_raw_html]JTNDaWZyYW1lJTIwc3JjJTNEJTIyaHR0cHMlM0ElMkYlMkZ3d3cuZ29vZ2xlLmNvbSUyRm1hcHMlMkZlbWJlZCUzRnBiJTNEJTIxMW0xOCUyMTFtMTIlMjExbTMlMjExZDMyNjEuNDQ5MDAzNzg1OTglMjEyZC01LjI2NjEwNDY4NTIxNTM3MyUyMTNkMzUuMTcwMzU5OTgwMzE2NSUyMTJtMyUyMTFmMCUyMTJmMCUyMTNmMCUyMTNtMiUyMTFpMTAyNCUyMTJpNzY4JTIxNGYxMy4xJTIxM20zJTIxMW0yJTIxMXMweGQwYjI2NjEzYTEyYTJlOSUyNTNBMHg5ZTliNWE0ZDhkNjczZWRlJTIxMnNEYXIlMkJNZXppYW5hJTJCSG90ZWwlMjE1ZTAlMjEzbTIlMjExc2ZyJTIxMnMlMjE0djE0NjA1ODU0MTA5OTAlMjIlMjB3aWR0aCUzRCUyMjYwMCUyMiUyMGhlaWdodCUzRCUyMjE4MCUyMiUyMGZyYW1lYm9yZGVyJTNEJTIyMCUyMiUyMHN0eWxlJTNEJTIyYm9yZGVyJTNBMCUyMiUyMGFsbG93ZnVsbHNjcmVlbiUzRSUzQyUyRmlmcmFtZSUzRQ==[\/vc_raw_html][\/vc_column][\/vc_row]<\/p>\n","protected":false},"excerpt":{"rendered":"<p>[vc_row full_width=&#8221;stretch_row&#8221; parallax=&#8221;content-moving&#8221; parallax_image=&#8221;129&#8243; enable_overlay=&#8221;true&#8221; bg_overlay=&#8221;rgba(0,0,0,0.12)&#8221;][vc_column][\/vc_column][\/vc_row][vc_row][vc_column width=&#8221;1\/2&#8243;][vc_column_text size=&#8221;0&#8243;] CONTACT Nous vous remercions de votre int\u00e9r\u00eat pour Riad Dar Meziana. Nous tenons \u00e0 vous offrir une assistance et d&#8217;information afin de rendre votre exp\u00e9rience avec nous un positif. Pour effectuer\u00a0une\u00a0reservation online\u00a0cliquer ici, ou nous communiquer avec un agent de r\u00e9servation 24 heures par jour \u00e0 :[\/vc_column_text][vc_raw_html]JTNDZGl2JTIwY2xhc3MlM0QlMjJjb250YWN0JTIyJTNFJTBBJTA5JTNDdWwlMjBjbGFzcyUzRCUyMnRleHQlMjIlM0UlMEElMDklMjAlMjAlMjAlMjAlM0NsaSUzRSUzQ2klMjBjbGFzcyUzRCUyMmljb24lMjBoaWxsdGVyLWljb24tbG9jYXRpb24lMjIlM0UlM0MlMkZpJTNFJTIwRGFyJTIwTWV6aWFuYSUyMEglQzMlQjR0ZWwlMkMlMjBSdWUlMjBaYWdkb3VkJTIwbiVDMiVCQTclMjAtJTIwQmFiJTIwU291ayUyQyUyMENoZWZjaGFvdWVuJTIwLSUyME1hcm9jJTNDJTJGbGklM0UlMEElMDklMjAlMjAlMjAlMjAlM0NsaSUzRSUzQ2klMjBjbGFzcyUzRCUyMmljb24lMjBoaWxsdGVyLWljb24tcGhvbmUlMjIlM0UlM0MlMkZpJTNFJTIwJTJCMjEyJTIwNTM5JTIwOTg3JTIwODA2JTNDJTJGbGklM0UlMEElMDklMjAlMjAlMjAlMjAlM0NsaSUzRSUzQ2klMjBjbGFzcyUzRCUyMmljb24lMjBmYSUyMGZhLWVudmVsb3BlLW8lMjIlM0UlM0MlMkZpJTNFcmVzZXJ2ZXMlNDByaWFkbWV6aWFuYS5jb20lM0MlMkZsaSUzRSUwQSUwOSUzQyUyRnVsJTNFJTBBJTNDJTJGZGl2JTNF[\/vc_raw_html][\/vc_column][vc_column &hellip;<\/p>\n","protected":false},"author":1,"featured_media":0,"parent":0,"menu_order":0,"comment_status":"closed","ping_status":"closed","template":"","meta":{"footnotes":""},"class_list":["post-286","page","type-page","status-publish","hentry"],"_links":{"self":[{"href":"https:\/\/www.riadmeziana.com\/fr\/wp-json\/wp\/v2\/pages\/286","targetHints":{"allow":["GET"]}}],"collection":[{"href":"https:\/\/www.riadmeziana.com\/fr\/wp-json\/wp\/v2\/pages"}],"about":[{"href":"https:\/\/www.riadmeziana.com\/fr\/wp-json\/wp\/v2\/types\/page"}],"author":[{"embeddable":true,"href":"https:\/\/www.riadmeziana.com\/fr\/wp-json\/wp\/v2\/users\/1"}],"replies":[{"embeddable":true,"href":"https:\/\/www.riadmeziana.com\/fr\/wp-json\/wp\/v2\/comments?post=286"}],"version-history":[{"count":6,"href":"https:\/\/www.riadmeziana.com\/fr\/wp-json\/wp\/v2\/pages\/286\/revisions"}],"predecessor-version":[{"id":391,"href":"https:\/\/www.riadmeziana.com\/fr\/wp-json\/wp\/v2\/pages\/286\/revisions\/391"}],"wp:attachment":[{"href":"https:\/\/www.riadmeziana.com\/fr\/wp-json\/wp\/v2\/media?parent=286"}],"curies":[{"name":"wp","href":"https:\/\/api.w.org\/{rel}","templated":true}]}}